{"id":115,"date":"2020-08-28T14:12:43","date_gmt":"2020-08-28T14:12:43","guid":{"rendered":"https:\/\/connectly.travel\/?page_id=115"},"modified":"2020-08-28T14:12:43","modified_gmt":"2020-08-28T14:12:43","slug":"top-rated-apps","status":"publish","type":"page","link":"https:\/\/connectly.travel\/pl\/top-rated-apps\/","title":{"rendered":"Najwy\u017cej oceniane aplikacje"},"content":{"rendered":"<div class=\"fgb-hp-listings\"><div class=\"d-flex justify-content-between align-items-center mb-3\"><h3 class=\"h6 font-weight-semi-bold mb-0\">Najwy\u017cej oceniane aplikacje<\/h3><a href=\"https:\/\/connectly.travel\/pl\/app-listings\/\" class=\"link-muted font-size-1\"><span>Zobacz wszystkie<\/span><\/a><\/div>            <div class=\"row mx-n2 mb-7\">\n                                    <div class=\"col-sm-6 col-md-4 px-2 mb-3\">\n                    <div class=\"card card-frame h-100\">\n    <a class=\"card-body\" href=\"https:\/\/connectly.travel\/pl\/listing\/yieldplanet\/\"><div class=\"media align-items-center\">\n            <div class=\"u-sm-avatar mr-3\">\n                <img loading=\"lazy\" decoding=\"async\" width=\"380\" height=\"380\" src=\"https:\/\/connectly.travel\/wp-content\/uploads\/2023\/05\/yieldplanet-logo-380x380.jpeg\" class=\"img-fluid wp-post-image\" alt=\"\" srcset=\"https:\/\/connectly.travel\/wp-content\/uploads\/2023\/05\/yieldplanet-logo-380x380.jpeg 380w, https:\/\/connectly.travel\/wp-content\/uploads\/2023\/05\/yieldplanet-logo-300x300.jpeg 300w, https:\/\/connectly.travel\/wp-content\/uploads\/2023\/05\/yieldplanet-logo-150x150.jpeg 150w, https:\/\/connectly.travel\/wp-content\/uploads\/2023\/05\/yieldplanet-logo-12x12.jpeg 12w, https:\/\/connectly.travel\/wp-content\/uploads\/2023\/05\/yieldplanet-logo-24x24.jpeg 24w, https:\/\/connectly.travel\/wp-content\/uploads\/2023\/05\/yieldplanet-logo-36x36.jpeg 36w, https:\/\/connectly.travel\/wp-content\/uploads\/2023\/05\/yieldplanet-logo-48x48.jpeg 48w, https:\/\/connectly.travel\/wp-content\/uploads\/2023\/05\/yieldplanet-logo-96x96.jpeg 96w, https:\/\/connectly.travel\/wp-content\/uploads\/2023\/05\/yieldplanet-logo-50x50.jpeg 50w, https:\/\/connectly.travel\/wp-content\/uploads\/2023\/05\/yieldplanet-logo.jpeg 400w\" sizes=\"auto, (max-width: 380px) 100vw, 380px\" \/>            <\/div>\n            <div class=\"media-body\">\n                <div class=\"d-flex align-items-center\">\n                    <span class=\"d-block text-dark font-weight-medium\">YieldPlanet<\/span>\n                                    <\/div>\n                <small class=\"d-block text-secondary\">Kierownicy kana\u0142\u00f3w<\/small>            <\/div>\n        <\/div><\/a><\/div>\n                    <\/div>\n                                    <div class=\"col-sm-6 col-md-4 px-2 mb-3\">\n                    <div class=\"card card-frame h-100\">\n    <a class=\"card-body\" href=\"https:\/\/connectly.travel\/pl\/listing\/the-google-maps-api\/\"><div class=\"media align-items-center\">\n            <div class=\"u-sm-avatar mr-3\">\n                <img loading=\"lazy\" decoding=\"async\" width=\"225\" height=\"225\" src=\"https:\/\/connectly.travel\/wp-content\/uploads\/2022\/04\/pobrane-32.png\" class=\"img-fluid wp-post-image\" alt=\"\" srcset=\"https:\/\/connectly.travel\/wp-content\/uploads\/2022\/04\/pobrane-32.png 225w, https:\/\/connectly.travel\/wp-content\/uploads\/2022\/04\/pobrane-32-150x150.png 150w, https:\/\/connectly.travel\/wp-content\/uploads\/2022\/04\/pobrane-32-24x24.png 24w, https:\/\/connectly.travel\/wp-content\/uploads\/2022\/04\/pobrane-32-36x36.png 36w, https:\/\/connectly.travel\/wp-content\/uploads\/2022\/04\/pobrane-32-48x48.png 48w, https:\/\/connectly.travel\/wp-content\/uploads\/2022\/04\/pobrane-32-96x96.png 96w, https:\/\/connectly.travel\/wp-content\/uploads\/2022\/04\/pobrane-32-50x50.png 50w\" sizes=\"auto, (max-width: 225px) 100vw, 225px\" \/>            <\/div>\n            <div class=\"media-body\">\n                <div class=\"d-flex align-items-center\">\n                    <span class=\"d-block text-dark font-weight-medium\">Interfejs API Mapy Google<\/span>\n                                    <\/div>\n                <small class=\"d-block text-secondary\">Google<\/small>            <\/div>\n        <\/div><\/a><\/div>\n                    <\/div>\n                                    <div class=\"col-sm-6 col-md-4 px-2 mb-3\">\n                    <div class=\"card card-frame h-100\">\n    <a class=\"card-body\" href=\"https:\/\/connectly.travel\/pl\/listing\/twilio\/\"><div class=\"media align-items-center\">\n            <div class=\"u-sm-avatar mr-3\">\n                <img loading=\"lazy\" decoding=\"async\" width=\"160\" height=\"160\" src=\"https:\/\/connectly.travel\/wp-content\/uploads\/2020\/08\/img28.png\" class=\"img-fluid wp-post-image\" alt=\"\" srcset=\"https:\/\/connectly.travel\/wp-content\/uploads\/2020\/08\/img28.png 160w, https:\/\/connectly.travel\/wp-content\/uploads\/2020\/08\/img28-150x150.png 150w, https:\/\/connectly.travel\/wp-content\/uploads\/2020\/08\/img28-24x24.png 24w, https:\/\/connectly.travel\/wp-content\/uploads\/2020\/08\/img28-48x48.png 48w, https:\/\/connectly.travel\/wp-content\/uploads\/2020\/08\/img28-96x96.png 96w, https:\/\/connectly.travel\/wp-content\/uploads\/2020\/08\/img28-50x50.png 50w\" sizes=\"auto, (max-width: 160px) 100vw, 160px\" \/>            <\/div>\n            <div class=\"media-body\">\n                <div class=\"d-flex align-items-center\">\n                    <span class=\"d-block text-dark font-weight-medium\">Twilio<\/span>\n                                        <img decoding=\"async\" class=\"ml-2\" src=\"https:\/\/connectly.travel\/wp-content\/themes\/front\/assets\/svg\/components\/top-vendor.svg\" alt=\"Verified Icon\" width=\"20\">\n                                    <\/div>\n                <small class=\"d-block text-secondary\">Komunikacja<\/small>            <\/div>\n        <\/div><\/a><\/div>\n                    <\/div>\n                                    <div class=\"col-sm-6 col-md-4 px-2 mb-3\">\n                    <div class=\"card card-frame h-100\">\n    <a class=\"card-body\" href=\"https:\/\/connectly.travel\/pl\/listing\/slack\/\"><div class=\"media align-items-center\">\n            <div class=\"u-sm-avatar mr-3\">\n                <img loading=\"lazy\" decoding=\"async\" width=\"160\" height=\"160\" src=\"https:\/\/connectly.travel\/wp-content\/uploads\/2020\/08\/img14.png\" class=\"img-fluid wp-post-image\" alt=\"\" srcset=\"https:\/\/connectly.travel\/wp-content\/uploads\/2020\/08\/img14.png 160w, https:\/\/connectly.travel\/wp-content\/uploads\/2020\/08\/img14-150x150.png 150w, https:\/\/connectly.travel\/wp-content\/uploads\/2020\/08\/img14-24x24.png 24w, https:\/\/connectly.travel\/wp-content\/uploads\/2020\/08\/img14-48x48.png 48w, https:\/\/connectly.travel\/wp-content\/uploads\/2020\/08\/img14-96x96.png 96w, https:\/\/connectly.travel\/wp-content\/uploads\/2020\/08\/img14-50x50.png 50w\" sizes=\"auto, (max-width: 160px) 100vw, 160px\" \/>            <\/div>\n            <div class=\"media-body\">\n                <div class=\"d-flex align-items-center\">\n                    <span class=\"d-block text-dark font-weight-medium\">Slack<\/span>\n                                        <img decoding=\"async\" class=\"ml-2\" src=\"https:\/\/connectly.travel\/wp-content\/themes\/front\/assets\/svg\/components\/top-vendor.svg\" alt=\"Verified Icon\" width=\"20\">\n                                    <\/div>\n                <small class=\"d-block text-secondary\">Komunikacja<\/small>            <\/div>\n        <\/div><\/a><\/div>\n                    <\/div>\n                                    <div class=\"col-sm-6 col-md-4 px-2 mb-3\">\n                    <div class=\"card card-frame h-100\">\n    <a class=\"card-body\" href=\"https:\/\/connectly.travel\/pl\/listing\/paypal\/\"><div class=\"media align-items-center\">\n            <div class=\"u-sm-avatar mr-3\">\n                <img loading=\"lazy\" decoding=\"async\" width=\"160\" height=\"160\" src=\"https:\/\/connectly.travel\/wp-content\/uploads\/2020\/08\/img8.jpg\" class=\"img-fluid wp-post-image\" alt=\"\" srcset=\"https:\/\/connectly.travel\/wp-content\/uploads\/2020\/08\/img8.jpg 160w, https:\/\/connectly.travel\/wp-content\/uploads\/2020\/08\/img8-150x150.jpg 150w, https:\/\/connectly.travel\/wp-content\/uploads\/2020\/08\/img8-24x24.jpg 24w, https:\/\/connectly.travel\/wp-content\/uploads\/2020\/08\/img8-48x48.jpg 48w, https:\/\/connectly.travel\/wp-content\/uploads\/2020\/08\/img8-96x96.jpg 96w, https:\/\/connectly.travel\/wp-content\/uploads\/2020\/08\/img8-50x50.jpg 50w\" sizes=\"auto, (max-width: 160px) 100vw, 160px\" \/>            <\/div>\n            <div class=\"media-body\">\n                <div class=\"d-flex align-items-center\">\n                    <span class=\"d-block text-dark font-weight-medium\">PayPal<\/span>\n                                        <img decoding=\"async\" class=\"ml-2\" src=\"https:\/\/connectly.travel\/wp-content\/themes\/front\/assets\/svg\/components\/top-vendor.svg\" alt=\"Verified Icon\" width=\"20\">\n                                    <\/div>\n                <small class=\"d-block text-secondary\">Obs\u0142uga p\u0142atno\u015bci<\/small>            <\/div>\n        <\/div><\/a><\/div>\n                    <\/div>\n                                    <div class=\"col-sm-6 col-md-4 px-2 mb-3\">\n                    <div class=\"card card-frame h-100\">\n    <a class=\"card-body\" href=\"https:\/\/connectly.travel\/pl\/listing\/stripe-2\/\"><div class=\"media align-items-center\">\n            <div class=\"u-sm-avatar mr-3\">\n                <img loading=\"lazy\" decoding=\"async\" width=\"380\" height=\"380\" src=\"https:\/\/connectly.travel\/wp-content\/uploads\/2023\/05\/stripe-logo-small-380x380.jpeg\" class=\"img-fluid wp-post-image\" alt=\"\" srcset=\"https:\/\/connectly.travel\/wp-content\/uploads\/2023\/05\/stripe-logo-small-380x380.jpeg 380w, https:\/\/connectly.travel\/wp-content\/uploads\/2023\/05\/stripe-logo-small-300x300.jpeg 300w, https:\/\/connectly.travel\/wp-content\/uploads\/2023\/05\/stripe-logo-small-150x150.jpeg 150w, https:\/\/connectly.travel\/wp-content\/uploads\/2023\/05\/stripe-logo-small-12x12.jpeg 12w, https:\/\/connectly.travel\/wp-content\/uploads\/2023\/05\/stripe-logo-small-24x24.jpeg 24w, https:\/\/connectly.travel\/wp-content\/uploads\/2023\/05\/stripe-logo-small-36x36.jpeg 36w, https:\/\/connectly.travel\/wp-content\/uploads\/2023\/05\/stripe-logo-small-48x48.jpeg 48w, https:\/\/connectly.travel\/wp-content\/uploads\/2023\/05\/stripe-logo-small-96x96.jpeg 96w, https:\/\/connectly.travel\/wp-content\/uploads\/2023\/05\/stripe-logo-small-50x50.jpeg 50w, https:\/\/connectly.travel\/wp-content\/uploads\/2023\/05\/stripe-logo-small.jpeg 400w\" sizes=\"auto, (max-width: 380px) 100vw, 380px\" \/>            <\/div>\n            <div class=\"media-body\">\n                <div class=\"d-flex align-items-center\">\n                    <span class=\"d-block text-dark font-weight-medium\">Pasek<\/span>\n                                    <\/div>\n                <small class=\"d-block text-secondary\">Polecane strony<\/small>            <\/div>\n        <\/div><\/a><\/div>\n                    <\/div>\n                                    <div class=\"col-sm-6 col-md-4 px-2 mb-3\">\n                    <div class=\"card card-frame h-100\">\n    <a class=\"card-body\" href=\"https:\/\/connectly.travel\/pl\/listing\/hotres\/\"><div class=\"media align-items-center\">\n            <div class=\"u-sm-avatar mr-3\">\n                <img loading=\"lazy\" decoding=\"async\" width=\"225\" height=\"225\" src=\"https:\/\/connectly.travel\/wp-content\/uploads\/2023\/05\/hotres-logo.png\" class=\"img-fluid wp-post-image\" alt=\"\" srcset=\"https:\/\/connectly.travel\/wp-content\/uploads\/2023\/05\/hotres-logo.png 225w, https:\/\/connectly.travel\/wp-content\/uploads\/2023\/05\/hotres-logo-150x150.png 150w, https:\/\/connectly.travel\/wp-content\/uploads\/2023\/05\/hotres-logo-12x12.png 12w, https:\/\/connectly.travel\/wp-content\/uploads\/2023\/05\/hotres-logo-24x24.png 24w, https:\/\/connectly.travel\/wp-content\/uploads\/2023\/05\/hotres-logo-36x36.png 36w, https:\/\/connectly.travel\/wp-content\/uploads\/2023\/05\/hotres-logo-48x48.png 48w, https:\/\/connectly.travel\/wp-content\/uploads\/2023\/05\/hotres-logo-96x96.png 96w, https:\/\/connectly.travel\/wp-content\/uploads\/2023\/05\/hotres-logo-50x50.png 50w\" sizes=\"auto, (max-width: 225px) 100vw, 225px\" \/>            <\/div>\n            <div class=\"media-body\">\n                <div class=\"d-flex align-items-center\">\n                    <span class=\"d-block text-dark font-weight-medium\">Hotres<\/span>\n                                    <\/div>\n                <small class=\"d-block text-secondary\">Kierownicy kana\u0142\u00f3w<\/small>            <\/div>\n        <\/div><\/a><\/div>\n                    <\/div>\n                                    <div class=\"col-sm-6 col-md-4 px-2 mb-3\">\n                    <div class=\"card card-frame h-100\">\n    <a class=\"card-body\" href=\"https:\/\/connectly.travel\/pl\/listing\/airbnb\/\"><div class=\"media align-items-center\">\n            <div class=\"u-sm-avatar mr-3\">\n                <img loading=\"lazy\" decoding=\"async\" width=\"160\" height=\"160\" src=\"https:\/\/connectly.travel\/wp-content\/uploads\/2020\/08\/img10.jpg\" class=\"img-fluid wp-post-image\" alt=\"\" srcset=\"https:\/\/connectly.travel\/wp-content\/uploads\/2020\/08\/img10.jpg 160w, https:\/\/connectly.travel\/wp-content\/uploads\/2020\/08\/img10-150x150.jpg 150w, https:\/\/connectly.travel\/wp-content\/uploads\/2020\/08\/img10-24x24.jpg 24w, https:\/\/connectly.travel\/wp-content\/uploads\/2020\/08\/img10-48x48.jpg 48w, https:\/\/connectly.travel\/wp-content\/uploads\/2020\/08\/img10-96x96.jpg 96w, https:\/\/connectly.travel\/wp-content\/uploads\/2020\/08\/img10-50x50.jpg 50w\" sizes=\"auto, (max-width: 160px) 100vw, 160px\" \/>            <\/div>\n            <div class=\"media-body\">\n                <div class=\"d-flex align-items-center\">\n                    <span class=\"d-block text-dark font-weight-medium\">Airbnb<\/span>\n                                        <img decoding=\"async\" class=\"ml-2\" src=\"https:\/\/connectly.travel\/wp-content\/themes\/front\/assets\/svg\/components\/top-vendor.svg\" alt=\"Verified Icon\" width=\"20\">\n                                    <\/div>\n                <small class=\"d-block text-secondary\">Kierownicy kana\u0142\u00f3w<\/small>            <\/div>\n        <\/div><\/a><\/div>\n                    <\/div>\n                                    <div class=\"col-sm-6 col-md-4 px-2 mb-3\">\n                    <div class=\"card card-frame h-100\">\n    <a class=\"card-body\" href=\"https:\/\/connectly.travel\/pl\/listing\/intercom\/\"><div class=\"media align-items-center\">\n            <div class=\"u-sm-avatar mr-3\">\n                <img loading=\"lazy\" decoding=\"async\" width=\"225\" height=\"225\" src=\"https:\/\/connectly.travel\/wp-content\/uploads\/2023\/05\/intercom-logo-small.png\" class=\"img-fluid wp-post-image\" alt=\"\" srcset=\"https:\/\/connectly.travel\/wp-content\/uploads\/2023\/05\/intercom-logo-small.png 225w, https:\/\/connectly.travel\/wp-content\/uploads\/2023\/05\/intercom-logo-small-150x150.png 150w, https:\/\/connectly.travel\/wp-content\/uploads\/2023\/05\/intercom-logo-small-12x12.png 12w, https:\/\/connectly.travel\/wp-content\/uploads\/2023\/05\/intercom-logo-small-24x24.png 24w, https:\/\/connectly.travel\/wp-content\/uploads\/2023\/05\/intercom-logo-small-36x36.png 36w, https:\/\/connectly.travel\/wp-content\/uploads\/2023\/05\/intercom-logo-small-48x48.png 48w, https:\/\/connectly.travel\/wp-content\/uploads\/2023\/05\/intercom-logo-small-96x96.png 96w, https:\/\/connectly.travel\/wp-content\/uploads\/2023\/05\/intercom-logo-small-50x50.png 50w\" sizes=\"auto, (max-width: 225px) 100vw, 225px\" \/>            <\/div>\n            <div class=\"media-body\">\n                <div class=\"d-flex align-items-center\">\n                    <span class=\"d-block text-dark font-weight-medium\">Domofon<\/span>\n                                    <\/div>\n                <small class=\"d-block text-secondary\">Narz\u0119dzia analityczne<\/small>            <\/div>\n        <\/div><\/a><\/div>\n                    <\/div>\n                            <\/div>\n            <\/div>","protected":false},"excerpt":{"rendered":"","protected":false},"author":1,"featured_media":0,"parent":0,"menu_order":0,"comment_status":"closed","ping_status":"closed","template":"","meta":{"_front_options":"","footnotes":""},"class_list":["post-115","page","type-page","status-publish","hentry"],"_links":{"self":[{"href":"https:\/\/connectly.travel\/pl\/wp-json\/wp\/v2\/pages\/115","targetHints":{"allow":["GET"]}}],"collection":[{"href":"https:\/\/connectly.travel\/pl\/wp-json\/wp\/v2\/pages"}],"about":[{"href":"https:\/\/connectly.travel\/pl\/wp-json\/wp\/v2\/types\/page"}],"author":[{"embeddable":true,"href":"https:\/\/connectly.travel\/pl\/wp-json\/wp\/v2\/users\/1"}],"replies":[{"embeddable":true,"href":"https:\/\/connectly.travel\/pl\/wp-json\/wp\/v2\/comments?post=115"}],"version-history":[{"count":0,"href":"https:\/\/connectly.travel\/pl\/wp-json\/wp\/v2\/pages\/115\/revisions"}],"wp:attachment":[{"href":"https:\/\/connectly.travel\/pl\/wp-json\/wp\/v2\/media?parent=115"}],"curies":[{"name":"wp","href":"https:\/\/api.w.org\/{rel}","templated":true}]}}